{"id":219,"date":"2018-08-05T23:36:26","date_gmt":"2018-08-05T23:36:26","guid":{"rendered":"http:\/\/www.telekomor.com\/tira\/?page_id=219"},"modified":"2021-11-04T09:32:36","modified_gmt":"2021-11-04T09:32:36","slug":"bienvenidos-a-telekomor-com","status":"publish","type":"page","link":"https:\/\/www.telekomor.com\/tira\/bienvenidos-a-telekomor-com\/","title":{"rendered":"\u00a0 Bienvenidos a TELEKOMOR.COM"},"content":{"rendered":"<p><strong>Bienvenidos a la multinacional de las Telekomunicaciones TELEKOMOR.COM.<\/strong><br \/>\nNuestra \u00abempresa\u00bb, creada en el 2005 (cuando no exist\u00eda Facebook) tiene como misi\u00f3n, visi\u00f3n, y valores el dedicarse a\u00a0ofrecer una explicaci\u00f3n amena de porqu\u00e9 las empresas de telekomunicaci\u00f3n funcionan como&#8230;\u00bffuncionan?<\/p>\n<p><img loading=\"lazy\" decoding=\"async\" class=\"size-medium wp-image-158 aligncenter\" src=\"http:\/\/www.telekomor.com\/tira\/wp-content\/uploads\/2018\/08\/logotelekomorh3-300x69.png\" alt=\"\" width=\"300\" height=\"69\" srcset=\"https:\/\/www.telekomor.com\/tira\/wp-content\/uploads\/2018\/08\/logotelekomorh3-300x69.png 300w, https:\/\/www.telekomor.com\/tira\/wp-content\/uploads\/2018\/08\/logotelekomorh3.png 380w\" sizes=\"auto, (max-width: 300px) 100vw, 300px\" \/><\/p>\n<p>Desde el\u00a0departamento de \u00abInstalaci\u00f3n\u00bb al de \u00abDirecci\u00f3n\u00bb, pasando por el \u00abContact center\u00bb y llegando al departamento de \u00abInvestigaci\u00f3n\u00bb,\u00a0podremos observar, como un Gran Hermano en formato comic, el preciso mecanismo que hace que estas empresas ofrezcan\u00a0servicios de alta calidad a los ciudadanos.<\/p>\n<p><strong><em>Cuando tu m\u00f3vil no tenga cobertura, cuando tu conexi\u00f3n a Internet no llegue al 10% de lo contratado, cuando recibas facturas indebidas,\u00a0cuando escuches musiquita de espera &#8230; \u00a1\u00a1REL\u00c1JATE Y PIENSA EN TELEKOMOR!!.\u00a0<\/em><\/strong><\/p>\n<p>Telekomor.com <a href=\"https:\/\/www.coit.es\/archivo-bit\/octubre-noviembre-2007\/sobre-vinos-viajes-libros-deportes-y-mas\" target=\"_blank\" rel=\"noopener\">se public\u00f3<\/a>\u00a0durante a\u00f1os en la <a href=\"https:\/\/www.coit.es\/sites\/default\/files\/archivobit\/pdf\/100-101.pdf\">revista BIT <\/a>del colegio de Ingenieros de Telecomunicaci\u00f3n, que es una publicaci\u00f3n que leen muchos directivos del sector. No podemos cambiarlos pero, por lo menos, podemos re\u00edrnos un poco de ellos en su cara.<\/p>\n<p>Queremos darte las gracias por tu visita, esperamos verte por aqu\u00ed de vez en cuando. Intentaremos actualizar cada domingo. Es un \u00abCompromiso Telekomor\u00bb. Jinjinjin.<\/p>\n<table>\n<tbody>\n<tr>\n<td width=\"300\" height=\"300\">\n<p style=\"text-align: center;\"><b>STAFF DE DIRECCI\u00d3N<\/b><\/p>\n<p><a href=\"http:\/\/www.telekomor.com\/tira\/category\/tiras\/staff\/\"><img loading=\"lazy\" decoding=\"async\" class=\"wp-image-19 aligncenter\" src=\"http:\/\/www.telekomor.com\/tira\/wp-content\/uploads\/2015\/01\/minglaydirector2.jpg\" alt=\"\" width=\"209\" height=\"238\" \/><\/a>El presidente y Minglanillas. La visi\u00f3n estrat\u00e9gica de la empresa gracias a los m\u00e1s sofisticados forlayos, filostros y wordpoints. Un gran l\u00edder que sirve de gu\u00eda espiritual a un directivo novato y receptivo.<\/p>\n<p>Ejem.<\/td>\n<td>\n<p style=\"text-align: center;\"><b>INSTALADORES<\/b><\/p>\n<p><a href=\"http:\/\/www.telekomor.com\/tira\/category\/tiras\/instalaciones\/\"><img loading=\"lazy\" decoding=\"async\" class=\"wp-image-20 aligncenter\" src=\"http:\/\/www.telekomor.com\/tira\/wp-content\/uploads\/2015\/01\/sebasypaquito2.jpg\" alt=\"\" width=\"188\" height=\"195\" \/><\/a>No todo es virtual en el maravilloso mundo de las Tecnolog\u00edas de la Informaci\u00f3n. A\u00fan hay necesidad de manos fuertes y hombres valientes. Sebas, veterano trabajador que comenz\u00f3 (y contin\u00faa) tirando cables y su nuevo compa\u00f1ero Paquillo, hermano de Maripuri, y \u201cbacalaero\u201d adicto a las pastillas de colores, tratar\u00e1n de llevar a cada hogar un pedacito de felicidad TIC.<\/td>\n<\/tr>\n<tr>\n<td width=\"300\" height=\"300\">\n<p style=\"text-align: center;\"><b>TELEASISTENCIA<\/b><\/p>\n<p><a href=\"http:\/\/www.telekomor.com\/tira\/category\/tiras\/teleasistencia\/\"><img loading=\"lazy\" decoding=\"async\" class=\"wp-image-21 aligncenter\" src=\"http:\/\/www.telekomor.com\/tira\/wp-content\/uploads\/2015\/01\/maripuri2.jpg\" alt=\"\" width=\"201\" height=\"236\" \/><\/a> Ning\u00fan problema sin soluci\u00f3n. Si las cosas se complican, siempre se puede volver a llamar y seguir para bingo. Maripuri les atender\u00e1 sin perder la \u201csonrisa telef\u00f3nica\u201d\u2026 casi siempre.<\/td>\n<td>\n<p style=\"text-align: center;\"><b>INVESTIGACI\u00d3N (I+D+i +I +i)<\/b><\/p>\n<p><a href=\"http:\/\/www.telekomor.com\/tira\/category\/tiras\/investigacion\/\"><img loading=\"lazy\" decoding=\"async\" class=\"size-full wp-image-22 alignnone\" src=\"http:\/\/www.telekomor.com\/tira\/wp-content\/uploads\/2015\/01\/jatkinsyibiwan2.jpg\" alt=\"\" width=\"230\" height=\"208\" \/><\/a>Aqu\u00ed es donde se cuecen las innovaciones tecnol\u00f3gicas de telekomor que asombran al mundo y m\u00e1s all\u00e1. El senior Jatkins -pese a su nombre, naci\u00f3 en Barbate-, guiar\u00e1 al becario Obijuan -su nombre es Juan, pero en el colegio le llamaban \u201cObijuan Kenobi\u201d a causa de su frikismo- por el intrincado mundo de la I+D+i+I+i (Investigaci\u00f3n + Desarrollo + Innovaci\u00f3n+ Inevitablemente + in\u00fatil).<\/td>\n<\/tr>\n<\/tbody>\n<\/table>\n","protected":false},"excerpt":{"rendered":"<p>Bienvenidos a la multinacional de las Telekomunicaciones TELEKOMOR.COM. Nuestra \u00abempresa\u00bb, creada en el 2005 (cuando no exist\u00eda Facebook) tiene como misi\u00f3n, visi\u00f3n, y valores el dedicarse a\u00a0ofrecer una explicaci\u00f3n amena de porqu\u00e9 las empresas de telekomunicaci\u00f3n funcionan como&#8230;\u00bffuncionan? Desde el\u00a0departamento &hellip; <a href=\"https:\/\/www.telekomor.com\/tira\/bienvenidos-a-telekomor-com\/\">Sigue leyendo <span class=\"meta-nav\">&rarr;<\/span><\/a><\/p>\n","protected":false},"author":2,"featured_media":0,"parent":0,"menu_order":0,"comment_status":"closed","ping_status":"closed","template":"","meta":{"footnotes":""},"class_list":["post-219","page","type-page","status-publish","hentry"],"_links":{"self":[{"href":"https:\/\/www.telekomor.com\/tira\/wp-json\/wp\/v2\/pages\/219","targetHints":{"allow":["GET"]}}],"collection":[{"href":"https:\/\/www.telekomor.com\/tira\/wp-json\/wp\/v2\/pages"}],"about":[{"href":"https:\/\/www.telekomor.com\/tira\/wp-json\/wp\/v2\/types\/page"}],"author":[{"embeddable":true,"href":"https:\/\/www.telekomor.com\/tira\/wp-json\/wp\/v2\/users\/2"}],"replies":[{"embeddable":true,"href":"https:\/\/www.telekomor.com\/tira\/wp-json\/wp\/v2\/comments?post=219"}],"version-history":[{"count":14,"href":"https:\/\/www.telekomor.com\/tira\/wp-json\/wp\/v2\/pages\/219\/revisions"}],"predecessor-version":[{"id":603,"href":"https:\/\/www.telekomor.com\/tira\/wp-json\/wp\/v2\/pages\/219\/revisions\/603"}],"wp:attachment":[{"href":"https:\/\/www.telekomor.com\/tira\/wp-json\/wp\/v2\/media?parent=219"}],"curies":[{"name":"wp","href":"https:\/\/api.w.org\/{rel}","templated":true}]}}