{"id":232,"date":"2018-08-06T07:51:39","date_gmt":"2018-08-06T07:51:39","guid":{"rendered":"http:\/\/www.telekomor.com\/tira\/?page_id=232"},"modified":"2018-08-06T08:24:20","modified_gmt":"2018-08-06T08:24:20","slug":"como-enlazar-a-telekomor-com","status":"publish","type":"page","link":"https:\/\/www.telekomor.com\/tira\/como-enlazar-a-telekomor-com\/","title":{"rendered":"C\u00f3mo enlazar a Telekomor.com"},"content":{"rendered":"<p style=\"font-size: 12.1599998474121px; line-height: 15.8079996109009px;\">La primera vi\u00f1eta de cada tira siempre estar\u00e1 disponible en\u00a0<a href=\"http:\/\/www.telekomor.com\/tira\/wp-content\/uploads\/2015\/01\/icono.gif\">http:\/\/www.telekomor.com\/icono.gif<\/a>\u00a0, para poder incluirla al\u00a0estilo\u00a0<a href=\"http:\/\/barrapunto.com\/\">barrapunto.com<\/a>\u00a0con\u00a0<a href=\"http:\/\/www.tiraecol.net\/\">bilo y nano<\/a>. Se actualizar\u00e1 autom\u00e1ticamente con cada nueva tira. S\u00f3lo tienes que a\u00f1adir el\u00a0siguiente c\u00f3digo html en tu blog o p\u00e1gina web (puedes copiar y pegar)<\/p>\n<p style=\"font-size: 12.1599998474121px; line-height: 15.8079996109009px;\"><strong>&lt;a href=\u00bbhttp:\/\/www.telekomor.com\/\u00bb target=\u00bb_blank\u00bb alt=\u00bbtira telekomor.com\u00bb border=\u00bb0&#8243;&gt; &lt;img\u00a0src=\u00bbhttp:\/\/www.telekomor.com\/tira\/icono.gif\u00bb width=\u00bb127&#8243; height=\u00bb130&#8243;&gt;&lt;\/a&gt;<\/strong><\/p>\n<p style=\"font-size: 12.1599998474121px; line-height: 15.8079996109009px;\">De esta forma, te aparecer\u00e1 un icono similar al siguiente en tu p\u00e1gina web:<\/p>\n<p style=\"font-size: 12.1599998474121px; line-height: 15.8079996109009px;\"><a href=\"http:\/\/www.telekomor.com\/tira\/\">Tira TELEKOMOR.COM<\/a><br \/>\n<a href=\"http:\/\/www.telekomor.com\/tira\/\"><img loading=\"lazy\" decoding=\"async\" class=\"alignnone size-medium\" src=\"http:\/\/www.telekomor.com\/tira\/icono.gif\" width=\"180\" height=\"179\" \/><\/a><\/p>\n<p>&nbsp;<\/p>\n<p style=\"font-size: 12.1599998474121px; line-height: 15.8079996109009px;\">O algo por el estilo&#8230;<\/p>\n","protected":false},"excerpt":{"rendered":"<p>La primera vi\u00f1eta de cada tira siempre estar\u00e1 disponible en\u00a0http:\/\/www.telekomor.com\/icono.gif\u00a0, para poder incluirla al\u00a0estilo\u00a0barrapunto.com\u00a0con\u00a0bilo y nano. Se actualizar\u00e1 autom\u00e1ticamente con cada nueva tira. S\u00f3lo tienes que a\u00f1adir el\u00a0siguiente c\u00f3digo html en tu blog o p\u00e1gina web (puedes copiar y pegar) &hellip; <a href=\"https:\/\/www.telekomor.com\/tira\/como-enlazar-a-telekomor-com\/\">Sigue leyendo <span class=\"meta-nav\">&rarr;<\/span><\/a><\/p>\n","protected":false},"author":1,"featured_media":0,"parent":0,"menu_order":0,"comment_status":"closed","ping_status":"closed","template":"","meta":{"footnotes":""},"class_list":["post-232","page","type-page","status-publish","hentry"],"_links":{"self":[{"href":"https:\/\/www.telekomor.com\/tira\/wp-json\/wp\/v2\/pages\/232","targetHints":{"allow":["GET"]}}],"collection":[{"href":"https:\/\/www.telekomor.com\/tira\/wp-json\/wp\/v2\/pages"}],"about":[{"href":"https:\/\/www.telekomor.com\/tira\/wp-json\/wp\/v2\/types\/page"}],"author":[{"embeddable":true,"href":"https:\/\/www.telekomor.com\/tira\/wp-json\/wp\/v2\/users\/1"}],"replies":[{"embeddable":true,"href":"https:\/\/www.telekomor.com\/tira\/wp-json\/wp\/v2\/comments?post=232"}],"version-history":[{"count":3,"href":"https:\/\/www.telekomor.com\/tira\/wp-json\/wp\/v2\/pages\/232\/revisions"}],"predecessor-version":[{"id":238,"href":"https:\/\/www.telekomor.com\/tira\/wp-json\/wp\/v2\/pages\/232\/revisions\/238"}],"wp:attachment":[{"href":"https:\/\/www.telekomor.com\/tira\/wp-json\/wp\/v2\/media?parent=232"}],"curies":[{"name":"wp","href":"https:\/\/api.w.org\/{rel}","templated":true}]}}