{"id":246,"date":"2018-08-06T08:45:48","date_gmt":"2018-08-06T08:45:48","guid":{"rendered":"http:\/\/www.telekomor.com\/tira\/?page_id=246"},"modified":"2018-08-22T19:56:26","modified_gmt":"2018-08-22T19:56:26","slug":"politica-de-privacidad","status":"publish","type":"page","link":"https:\/\/www.telekomor.com\/tira\/politica-de-privacidad\/","title":{"rendered":"Pol\u00edtica de privacidad"},"content":{"rendered":"<p>No molestamos con avisos absurdos de que estamos usando cookies. Porque no usamos cookies. Ni galletitas saladas. No inspeccionamos el tr\u00e1fico, ni analizamos los visitantes. No tenemos usuarios. No guardamos datos personales. No vendemos nada.<\/p>\n<p>\u00bfQui\u00e9n fue el desgraciado que, por proteger nuestra privacidad, incluy\u00f3 un aviso cookies que se usa en TODAS las p\u00e1ginas de Internet y que tenemos que ir pulsando para ver el contenido? \u00bfQui\u00e9n deja de hacer click? \u00bfCu\u00e1nto ha mejorado nuestra privacidad? \u00bfPorqu\u00e9 perdemos millones de segundos entre todos para no estar realmente m\u00e1s protegidos?&#8230;<\/p>\n<p>Por cierto, todo telekomor.com se publica bajo licencia Creative Commons:<\/p>\n<p><a href=\"https:\/\/creativecommons.org\/licenses\/by-nc-sa\/4.0\/legalcode\" target=\"_blank\" rel=\"noopener\"><img decoding=\"async\" src=\"https:\/\/licensebuttons.net\/l\/by-nc-sa\/3.0\/88x31.png\" \/>\u00a0<strong>CC BY-NC-SA (Reconocimiento-NoComercial-CompartirIgual)\u00a0<\/strong><\/a><\/p>\n","protected":false},"excerpt":{"rendered":"<p>No molestamos con avisos absurdos de que estamos usando cookies. Porque no usamos cookies. Ni galletitas saladas. No inspeccionamos el tr\u00e1fico, ni analizamos los visitantes. No tenemos usuarios. No guardamos datos personales. No vendemos nada. \u00bfQui\u00e9n fue el desgraciado que, &hellip; <a href=\"https:\/\/www.telekomor.com\/tira\/politica-de-privacidad\/\">Sigue leyendo <span class=\"meta-nav\">&rarr;<\/span><\/a><\/p>\n","protected":false},"author":1,"featured_media":0,"parent":0,"menu_order":0,"comment_status":"closed","ping_status":"closed","template":"","meta":{"footnotes":""},"class_list":["post-246","page","type-page","status-publish","hentry"],"_links":{"self":[{"href":"https:\/\/www.telekomor.com\/tira\/wp-json\/wp\/v2\/pages\/246","targetHints":{"allow":["GET"]}}],"collection":[{"href":"https:\/\/www.telekomor.com\/tira\/wp-json\/wp\/v2\/pages"}],"about":[{"href":"https:\/\/www.telekomor.com\/tira\/wp-json\/wp\/v2\/types\/page"}],"author":[{"embeddable":true,"href":"https:\/\/www.telekomor.com\/tira\/wp-json\/wp\/v2\/users\/1"}],"replies":[{"embeddable":true,"href":"https:\/\/www.telekomor.com\/tira\/wp-json\/wp\/v2\/comments?post=246"}],"version-history":[{"count":4,"href":"https:\/\/www.telekomor.com\/tira\/wp-json\/wp\/v2\/pages\/246\/revisions"}],"predecessor-version":[{"id":529,"href":"https:\/\/www.telekomor.com\/tira\/wp-json\/wp\/v2\/pages\/246\/revisions\/529"}],"wp:attachment":[{"href":"https:\/\/www.telekomor.com\/tira\/wp-json\/wp\/v2\/media?parent=246"}],"curies":[{"name":"wp","href":"https:\/\/api.w.org\/{rel}","templated":true}]}}